{"id":4298,"date":"2024-07-30T14:07:19","date_gmt":"2024-07-30T12:07:19","guid":{"rendered":"https:\/\/www.desparsardegna.it\/cms\/?page_id=4298"},"modified":"2025-08-01T14:56:12","modified_gmt":"2025-08-01T12:56:12","slug":"informativa-whatsapp","status":"publish","type":"page","link":"https:\/\/www.desparsardegna.it\/cms\/informativa-whatsapp\/","title":{"rendered":"Informativa Whatsapp"},"content":{"rendered":"<h1>Informativa ai sensi dell\u2019art. 13 del REG. U.E. 679\/2016<\/h1>\n<h2>Invio volantino e comunicazione promozionale tramite WhatsApp\/Piattaforma Pengueen<\/h2>\n<p>Gentile Utente,<\/p>\n<p>ai sensi del Reg. U.E. 679\/2016, Le forniamo le seguenti informazioni:<\/p>\n<ol type=\"a\">\n<li>I dati trattati si limitano al numero di telefono con possibile visione del nome utente o nickname, dell\u2019immagine caricata dall\u2019Utente sulla App e alla posizione o alla citt\u00e0\/punto vendita. I dati vengono raccolti e successivamente aggiornati esclusivamente per lo svolgimento delle attivit\u00e0 del Titolare del trattamento al solo fine di fornire il servizio richiesto di invio del volantino, informazioni commerciali e di servizio tramite il canale di comunicazione WhatsApp.<br \/>\n<strong>Base giuridica consenso:<\/strong> L&#8217;interessato ha espresso il consenso al trattamento dei propri dati personali per la promozione e comunicazione dei servizi e delle attivit\u00e0 del Titolare quali l\u2019invio del volantino, le informazioni pubblicitarie promozionali e di servizio, attraverso il canale di comunicazione WhatsApp.<\/li>\n<li>Il trattamento \u00e8 svolto su richiesta dell&#8217;interessato e tale consenso pu\u00f2 essere revocato in qualsiasi momento seguendo le indicazioni presenti alla fine di ogni messaggio, oppure seguendo le altre istruzioni fornite.<em>Riferimenti normativi delle basi giuridiche predette: Reg. U.E 679\/2016 art. 6 lett. a.<\/em><\/li>\n<li>L\u2019interessato potr\u00e0 attivare il servizio utilizzando vari canali, tra cui volantini cartacei, sito web, email e newsletter, pubblicit\u00e0 e altri canali di comunicazione di volta in volta utilizzati da F.lli Ibba per promuovere il servizio. Verr\u00e0 aperta una nuova chat nella vostra applicazione WhatsApp, attraverso cui inizierete il processo di attivazione del servizio. Sar\u00e0 necessario prendere visione dell\u2019informativa privacy e fornire il consenso cliccando sul pulsante \u201cAccetta\u201d, il servizio sar\u00e0 cos\u00ec attivato automaticamente.<\/li>\n<li>Il conferimento dei dati \u00e8 facoltativo ma necessario a consentirci di fornirLe i servizi richiesti al Titolare. L\u2019accettazione del servizio costituisce una manifestazione specifica ed esplicita di consenso da parte Sua all\u2019invio delle comunicazioni indicate al punto a) tramite il canale WhatsApp. La revoca del consenso \u00e8 sempre possibile inviando il messaggio \u201cSTOP\u201d e non pregiudica la liceit\u00e0 del trattamento avvenuto prima della revoca.<\/li>\n<li>I dati personali che la riguardano potranno essere comunicati a partner contrattuali per la gestione del servizio (es: altre societ\u00e0 del Gruppo, Responsabili esterni, Services Provider); Consulenti legali o altri consulenti a cui siano affidati specifici incarichi professionali per adempiere obblighi di legge e\/o per la tutela di diritti nonch\u00e9 alle Autorit\u00e0 di pubblica sicurezza per l\u2019adempimento degli obblighi di legge.<\/li>\n<li>Il trattamento dei dati, effettuato sia senza che con l\u2019ausilio di strumenti informatici, viene svolto soltanto da personale autorizzato per iscritto e secondo modalit\u00e0 idonee a garantire la sicurezza e la riservatezza.<\/li>\n<li>I dati non formano oggetto di profilazione da parte del Titolare.<\/li>\n<li>Il Titolare non trasferisce dati presenti nei propri server fuori dall\u2019Unione Europea (SEE). Per erogare il servizio richiesto il Titolare si avvale di Responsabili che potrebbero acquistare Servizi da Sub-responsabili che sono Sub-responsabili Extra-SEE e che sono considerati Importatori ai fini delle Clausole Contrattuali Tipo. In tal caso, in assenza di Decisioni di adeguatezza applicabili al Sub-responsabile Extra-SEE, il Titolare assicura per mezzo di accordi contrattuali ad hoc che il Responsabile si impegni a stipulare le Clausole Contrattuali Tipo con il Sub-responsabile Extra-SEE. In ogni caso l\u2019utente che utilizza il servizio WhatsApp accetta le condizioni di tale servizio di messaggistica, indipendentemente dal servizio erogato dal Titolare, che non pu\u00f2 pertanto esserne ritenuto responsabile.<\/li>\n<li>I Dati saranno conservati dal Titolare per il periodo ritenuto strettamente necessario a conseguire le finalit\u00e0 della raccolta, ovvero entro i termini di legge. Il tempo di conservazione dei Dati per finalit\u00e0 di Marketing previsto dal Titolare \u00e8 conforme alle norme nonch\u00e9 ai provvedimenti dell\u2019Autorit\u00e0 Garante per la Protezione dei Dati Personali, in quanto \u00e8 prevista la trasformazione dei dati in forma anonima dopo 24 mesi dalla raccolta.<\/li>\n<li>Le sono riconosciuti i diritti previsti dagli artt. 15 e ss del Reg. U.E. 679\/2016: diritto di accesso, rettifica, cancellazione, limitazione, portabilit\u00e0, opposizione, e di rivolgersi all&#8217;autorit\u00e0 per la protezione dei dati:<br \/>\n<a href=\"https:\/\/www.garanteprivacy.it\/web\/guest\/home\/docweb\/-\/docweb-display\/docweb\/4535524\" target=\"_blank\" rel=\"noopener\">Garante Privacy<\/a>.<\/li>\n<li>Il Titolare ha nominato un DPO cui \u00e8 possibile rivolgersi per segnalazioni all\u2019indirizzo email:<br \/>\n<a href=\"mailto:dpo@abbiholding.it\">dpo@abbiholding.it<\/a><\/li>\n<li>Titolare del trattamento dei dati personali da Lei forniti \u00e8 la societ\u00e0 Titolare del punto vendita oggetto del Volantino da lei richiesto, il cui nominativo e dati di contatto trover\u00e0 nell\u2019allegato elenco in fondo alla presente informativa.<\/li>\n<li>Il Titolare ha nominato la societ\u00e0 F.lli Ibba S.r.l., con sede in Via Parigi Zona Industriale Nord Oristano, P. IVA 00042340950, Responsabile del trattamento per la comunicazione commerciale e la gestione del canale di invio del volantino. Per l\u2019esercizio dei diritti:<br \/>\n<a href=\"mailto:marketingdespar@abbiholding.com\">marketingdespar@abbiholding.com<\/a><\/li>\n<\/ol>\n<p>&nbsp;<\/p>\n<p><strong>Elenco Titolari del trattamento servizio Whatsapp rispetto al Volantino richiesto<\/strong><\/p>\n<p>&nbsp;<\/p>\n<p><a href=\"https:\/\/i0.wp.com\/www.desparsardegna.it\/cms\/wp-content\/uploads\/2025\/08\/elenco_pv_whatsapp.jpg?ssl=1\" target=\"_blank\" rel=\"noopener\"><img data-attachment-id=\"4545\" data-permalink=\"https:\/\/www.desparsardegna.it\/cms\/informativa-whatsapp\/elenco_pv_whatsapp\/\" data-orig-file=\"https:\/\/i0.wp.com\/www.desparsardegna.it\/cms\/wp-content\/uploads\/2025\/08\/elenco_pv_whatsapp.jpg?fit=1042%2C526&amp;ssl=1\" data-orig-size=\"1042,526\" data-comments-opened=\"0\" data-image-meta=\"{&quot;aperture&quot;:&quot;0&quot;,&quot;credit&quot;:&quot;&quot;,&quot;camera&quot;:&quot;&quot;,&quot;caption&quot;:&quot;&quot;,&quot;created_timestamp&quot;:&quot;0&quot;,&quot;copyright&quot;:&quot;&quot;,&quot;focal_length&quot;:&quot;0&quot;,&quot;iso&quot;:&quot;0&quot;,&quot;shutter_speed&quot;:&quot;0&quot;,&quot;title&quot;:&quot;&quot;,&quot;orientation&quot;:&quot;1&quot;}\" data-image-title=\"elenco_pv_whatsapp\" data-image-description=\"\" data-image-caption=\"\" data-medium-file=\"https:\/\/i0.wp.com\/www.desparsardegna.it\/cms\/wp-content\/uploads\/2025\/08\/elenco_pv_whatsapp.jpg?fit=300%2C151&amp;ssl=1\" data-large-file=\"https:\/\/i0.wp.com\/www.desparsardegna.it\/cms\/wp-content\/uploads\/2025\/08\/elenco_pv_whatsapp.jpg?fit=1024%2C517&amp;ssl=1\" loading=\"lazy\" class=\"aligncenter wp-image-4545 size-large\" src=\"https:\/\/i0.wp.com\/www.desparsardegna.it\/cms\/wp-content\/uploads\/2025\/08\/elenco_pv_whatsapp.jpg?resize=1024%2C517&#038;ssl=1\" alt=\"\" width=\"1024\" height=\"517\" srcset=\"https:\/\/i0.wp.com\/www.desparsardegna.it\/cms\/wp-content\/uploads\/2025\/08\/elenco_pv_whatsapp.jpg?resize=1024%2C517&amp;ssl=1 1024w, https:\/\/i0.wp.com\/www.desparsardegna.it\/cms\/wp-content\/uploads\/2025\/08\/elenco_pv_whatsapp.jpg?resize=300%2C151&amp;ssl=1 300w, https:\/\/i0.wp.com\/www.desparsardegna.it\/cms\/wp-content\/uploads\/2025\/08\/elenco_pv_whatsapp.jpg?resize=768%2C388&amp;ssl=1 768w, https:\/\/i0.wp.com\/www.desparsardegna.it\/cms\/wp-content\/uploads\/2025\/08\/elenco_pv_whatsapp.jpg?resize=600%2C303&amp;ssl=1 600w, https:\/\/i0.wp.com\/www.desparsardegna.it\/cms\/wp-content\/uploads\/2025\/08\/elenco_pv_whatsapp.jpg?w=1042&amp;ssl=1 1042w\" sizes=\"(max-width: 1024px) 100vw, 1024px\" data-recalc-dims=\"1\" \/><\/a><\/p>\n","protected":false},"excerpt":{"rendered":"<p>Informativa ai sensi dell\u2019art. 13 del REG. U.E. 679\/2016 Invio volantino e comunicazione promozionale tramite WhatsApp\/Piattaforma Pengueen Gentile Utente, ai sensi del Reg. U.E. 679\/2016, Le forniamo le seguenti informazioni: I dati trattati si limitano al numero di telefono con &hellip; <a href=\"https:\/\/www.desparsardegna.it\/cms\/informativa-whatsapp\/\">Continua<\/a><\/p>\n","protected":false},"author":2,"featured_media":0,"parent":0,"menu_order":0,"comment_status":"closed","ping_status":"closed","template":"","meta":{"_mi_skip_tracking":false,"spay_email":""},"jetpack_sharing_enabled":true,"jetpack_shortlink":"https:\/\/wp.me\/P7EcfO-17k","jetpack-related-posts":[{"id":161,"url":"https:\/\/www.desparsardegna.it\/cms\/privacy-cookies\/","url_meta":{"origin":4298,"position":0},"title":"Privacy","date":"16 Novembre 2017","format":false,"excerpt":"PRIVACY POLICY Informativa privacy e cookie policy ex Art 13 del Regolamento Generale per la Protezione dei Dati UE 2016\/679 (GDPR) Supermercati Consorziati Sardegna s.c. a r.l. con sede legale in Via Antioco Loru, 15 09125 Cagliari (CA) si impegna costantemente per tutelare la privacy on-line dei suoi utenti. Fonte\u2026","rel":"","context":"Articolo simile","img":{"alt_text":"","src":"","width":0,"height":0},"classes":[]},{"id":4337,"url":"https:\/\/www.desparsardegna.it\/cms\/colazione-da-eroi-scuolafacendo\/","url_meta":{"origin":4298,"position":1},"title":"Colazione da eroi &#8211; Scuolafacendo","date":"16 Settembre 2024","format":false,"excerpt":"Operazione a premi valida dal 16\/09\/2024 al 01\/12\/2024. Regolamento disponibile nei punti vendita aderenti.","rel":"","context":"Articolo simile","img":{"alt_text":"","src":"","width":0,"height":0},"classes":[]},{"id":4272,"url":"https:\/\/www.desparsardegna.it\/cms\/servizio-whatsapp\/","url_meta":{"origin":4298,"position":2},"title":"Servizio Whatsapp","date":"30 Luglio 2024","format":false,"excerpt":"ISCRIVITI AL SERVIZIO GRATUITO E RICEVI OFFERTE E TANTE ALTRE NOVIT\u00c0! Despar da sempre si impegna per la sostenibilit\u00e0 del pianeta. Con il nostro volantino digitale meno carta e pi\u00f9 rispetto per l'ambiente. Riceverai direttamente\u00a0su whatsapp il volantino, offerte e promozioni. RICHIEDI IL VOLANTINO Oppure segui questi 3 semplici step\u2026","rel":"","context":"Articolo simile","img":{"alt_text":"","src":"","width":0,"height":0},"classes":[]}],"jetpack_likes_enabled":true,"_links":{"self":[{"href":"https:\/\/www.desparsardegna.it\/cms\/wp-json\/wp\/v2\/pages\/4298"}],"collection":[{"href":"https:\/\/www.desparsardegna.it\/cms\/wp-json\/wp\/v2\/pages"}],"about":[{"href":"https:\/\/www.desparsardegna.it\/cms\/wp-json\/wp\/v2\/types\/page"}],"author":[{"embeddable":true,"href":"https:\/\/www.desparsardegna.it\/cms\/wp-json\/wp\/v2\/users\/2"}],"replies":[{"embeddable":true,"href":"https:\/\/www.desparsardegna.it\/cms\/wp-json\/wp\/v2\/comments?post=4298"}],"version-history":[{"count":13,"href":"https:\/\/www.desparsardegna.it\/cms\/wp-json\/wp\/v2\/pages\/4298\/revisions"}],"predecessor-version":[{"id":4548,"href":"https:\/\/www.desparsardegna.it\/cms\/wp-json\/wp\/v2\/pages\/4298\/revisions\/4548"}],"wp:attachment":[{"href":"https:\/\/www.desparsardegna.it\/cms\/wp-json\/wp\/v2\/media?parent=4298"}],"curies":[{"name":"wp","href":"https:\/\/api.w.org\/{rel}","templated":true}]}}