{"id":4272,"date":"2024-07-30T10:27:29","date_gmt":"2024-07-30T08:27:29","guid":{"rendered":"https:\/\/www.desparsardegna.it\/cms\/?page_id=4272"},"modified":"2024-07-30T14:58:51","modified_gmt":"2024-07-30T12:58:51","slug":"servizio-whatsapp","status":"publish","type":"page","link":"https:\/\/www.desparsardegna.it\/cms\/servizio-whatsapp\/","title":{"rendered":"Servizio Whatsapp"},"content":{"rendered":"<div class=\"container\">\n<div class=\"row\" style=\"height: 100%; text-align: center;\"><img src=\"https:\/\/i0.wp.com\/www.desparsardegna.it\/cms\/wp-content\/uploads\/2024\/07\/banner-1.jpg?w=1140&#038;ssl=1\" data-recalc-dims=\"1\" \/><\/div>\n<div class=\"row\" style=\"position: relative; z-index: 10;\">\n<div class=\"col nopadmar\">\n<h2 style=\"text-align: center; color: #007c37;\">ISCRIVITI AL SERVIZIO GRATUITO E RICEVI OFFERTE E TANTE ALTRE NOVIT\u00c0!<\/h2>\n<p style=\"text-align: center; font-size: 18px;\">Despar da sempre si impegna per la sostenibilit\u00e0 del pianeta.<br \/>\nCon il nostro volantino digitale meno carta e pi\u00f9 rispetto per l&#8217;ambiente.<\/p>\n<p style=\"text-align: center; font-size: 18px;\">Riceverai direttamente\u00a0su whatsapp il volantino, offerte e promozioni.<\/p>\n<\/div>\n<\/div>\n<div class=\"row\" style=\"margin-top: 10px;\">\n<div class=\"col-md text-center\">\n<a class=\"btn btn-danger btn-lg\" href=\"https:\/\/api.whatsapp.com\/send?text=Volantino&#038;phone=393389343704\" role=\"button\">RICHIEDI IL VOLANTINO<\/a>\n<\/div>\n<\/div>\n<div class=\"row\" style=\"margin-top: 30px;\">\n<div class=\"col-md text-center\">\nOppure segui questi 3 semplici step\n<\/div>\n<\/div>\n<div class=\"row\" style=\"height: 100%; text-align: center;margin-top: 20px;\"><img src=\"https:\/\/i0.wp.com\/www.desparsardegna.it\/cms\/wp-content\/uploads\/2024\/07\/banner-2.jpg?w=1140&#038;ssl=1\" data-recalc-dims=\"1\" \/><\/div>\n<div class=\"row\" style=\"margin-top: 10px;\">\n<div class=\"col-md text-center\">\nPuoi disiscriverti quando vuoi.\n<\/div>\n<\/div>\n<div class=\"row\" style=\"margin-top: 10px;\">\n<div class=\"col-md text-center\">\n<a href=\"https:\/\/www.desparsardegna.it\/cms\/informativa-whatsapp\/\">Informativa privacy<\/a>\n<\/div>\n<\/div>\n<\/div>\n","protected":false},"excerpt":{"rendered":"<p>ISCRIVITI AL SERVIZIO GRATUITO E RICEVI OFFERTE E TANTE ALTRE NOVIT\u00c0! Despar da sempre si impegna per la sostenibilit\u00e0 del pianeta. Con il nostro volantino digitale meno carta e pi\u00f9 rispetto per l&#8217;ambiente. Riceverai direttamente\u00a0su whatsapp il volantino, offerte e &hellip; <a href=\"https:\/\/www.desparsardegna.it\/cms\/servizio-whatsapp\/\">Continua<\/a><\/p>\n","protected":false},"author":2,"featured_media":0,"parent":0,"menu_order":0,"comment_status":"closed","ping_status":"closed","template":"","meta":{"_mi_skip_tracking":false,"spay_email":""},"jetpack_sharing_enabled":true,"jetpack_shortlink":"https:\/\/wp.me\/P7EcfO-16U","jetpack-related-posts":[{"id":4298,"url":"https:\/\/www.desparsardegna.it\/cms\/informativa-whatsapp\/","url_meta":{"origin":4272,"position":0},"title":"Informativa Whatsapp","date":"30 Luglio 2024","format":false,"excerpt":"Informativa ai sensi dell\u2019art. 13 del REG. U.E. 679\/2016 Invio volantino e comunicazione promozionale tramite WhatsApp\/Piattaforma Pengueen Gentile Utente, ai sensi del Reg. U.E. 679\/2016, Le forniamo le seguenti informazioni: I dati trattati si limitano al numero di telefono con possibile visione del nome utente o nickname, dell\u2019immagine caricata dall\u2019Utente\u2026","rel":"","context":"Articolo simile","img":{"alt_text":"","src":"https:\/\/i0.wp.com\/www.desparsardegna.it\/cms\/wp-content\/uploads\/2025\/08\/elenco_pv_whatsapp-1024x517.jpg?resize=350%2C200&ssl=1","width":350,"height":200},"classes":[]},{"id":4010,"url":"https:\/\/www.desparsardegna.it\/cms\/test-volantini\/","url_meta":{"origin":4272,"position":1},"title":"Offerte dal volantino","date":"19 Gennaio 2024","format":false,"excerpt":"","rel":"","context":"Articolo simile","img":{"alt_text":"","src":"","width":0,"height":0},"classes":[]},{"id":3646,"url":"https:\/\/www.desparsardegna.it\/cms\/volantini-despar\/","url_meta":{"origin":4272,"position":2},"title":"Volantini","date":"7 Luglio 2023","format":false,"excerpt":"","rel":"","context":"Articolo simile","img":{"alt_text":"","src":"","width":0,"height":0},"classes":[]},{"id":4114,"url":"https:\/\/www.desparsardegna.it\/cms\/collection-luminarc\/","url_meta":{"origin":4272,"position":3},"title":"Collection Luminarc","date":"16 Aprile 2024","format":false,"excerpt":"dal 18 aprile al 26 giugno 2024 Operazione a premi valida dal 18\/04\/2024 al 26\/06\/2024. Regolamento disponibile nei punti vendita aderenti.","rel":"","context":"Articolo simile","img":{"alt_text":"","src":"","width":0,"height":0},"classes":[]},{"id":324,"url":"https:\/\/www.desparsardegna.it\/cms\/offerte\/","url_meta":{"origin":4272,"position":4},"title":"Offerte","date":"14 Dicembre 2017","format":false,"excerpt":"","rel":"","context":"Articolo simile","img":{"alt_text":"","src":"https:\/\/i0.wp.com\/www.desparsardegna.it\/cms\/wp-content\/uploads\/2018\/01\/01-SCS-DESPAR-dal-18-31_01-1-251x300.jpg?resize=350%2C200&ssl=1","width":350,"height":200},"classes":[]},{"id":161,"url":"https:\/\/www.desparsardegna.it\/cms\/privacy-cookies\/","url_meta":{"origin":4272,"position":5},"title":"Privacy","date":"16 Novembre 2017","format":false,"excerpt":"PRIVACY POLICY Informativa privacy e cookie policy ex Art 13 del Regolamento Generale per la Protezione dei Dati UE 2016\/679 (GDPR) Supermercati Consorziati Sardegna s.c. a r.l. con sede legale in Via Antioco Loru, 15 09125 Cagliari (CA) si impegna costantemente per tutelare la privacy on-line dei suoi utenti. Fonte\u2026","rel":"","context":"Articolo simile","img":{"alt_text":"","src":"","width":0,"height":0},"classes":[]}],"jetpack_likes_enabled":true,"_links":{"self":[{"href":"https:\/\/www.desparsardegna.it\/cms\/wp-json\/wp\/v2\/pages\/4272"}],"collection":[{"href":"https:\/\/www.desparsardegna.it\/cms\/wp-json\/wp\/v2\/pages"}],"about":[{"href":"https:\/\/www.desparsardegna.it\/cms\/wp-json\/wp\/v2\/types\/page"}],"author":[{"embeddable":true,"href":"https:\/\/www.desparsardegna.it\/cms\/wp-json\/wp\/v2\/users\/2"}],"replies":[{"embeddable":true,"href":"https:\/\/www.desparsardegna.it\/cms\/wp-json\/wp\/v2\/comments?post=4272"}],"version-history":[{"count":22,"href":"https:\/\/www.desparsardegna.it\/cms\/wp-json\/wp\/v2\/pages\/4272\/revisions"}],"predecessor-version":[{"id":4311,"href":"https:\/\/www.desparsardegna.it\/cms\/wp-json\/wp\/v2\/pages\/4272\/revisions\/4311"}],"wp:attachment":[{"href":"https:\/\/www.desparsardegna.it\/cms\/wp-json\/wp\/v2\/media?parent=4272"}],"curies":[{"name":"wp","href":"https:\/\/api.w.org\/{rel}","templated":true}]}}