{"id":161,"date":"2017-11-16T17:56:52","date_gmt":"2017-11-16T16:56:52","guid":{"rendered":"http:\/\/www.desparsardegna.it\/cms\/?page_id=161"},"modified":"2022-01-20T09:37:25","modified_gmt":"2022-01-20T08:37:25","slug":"privacy-cookies","status":"publish","type":"page","link":"https:\/\/www.desparsardegna.it\/cms\/privacy-cookies\/","title":{"rendered":"Privacy"},"content":{"rendered":"<ol>\n<li><strong> PRIVACY POLICY<\/strong><\/li>\n<\/ol>\n<p>Informativa privacy e cookie policy ex Art 13 del Regolamento Generale per la Protezione dei Dati UE 2016\/679 (GDPR)<\/p>\n<p>Supermercati Consorziati Sardegna s.c. a r.l. con sede legale in Via Antioco Loru, 15 09125 Cagliari (CA) si impegna costantemente per tutelare la privacy on-line dei suoi utenti.<\/p>\n<p>Fonte dei dati personali, Titolare del trattamento e Responsabile della protezione dati.<\/p>\n<p>In questa pagina si descrivono le modalit\u00e0 generali del trattamento dei dati personali degli utenti del sito e dei cookies, rimandando ad eventuali sezioni specifiche dove l\u2019utente del sito potr\u00e0 trovare le informative specifiche e le eventuali richieste di consenso (per singoli trattamenti). L&#8217;informativa \u00e8 resa solo per questo sito e non anche per altri siti web eventualmente consultati dall&#8217;utente tramite link. Supermercati Consorziati Sardegna s.c. a r.l. con sede legale in Via Antioco Loru, 15 09125 Cagliari (CA) \u00e8 il Titolare del trattamento dei dati raccolti tramite il presente sito web. Il Titolare fa parte di un Gruppo, per maggiori informazioni \u00e8 possibile inviare una mail al seguente indirizzo:<a href=\"mailto:privacy@abbiholding.com\">privacy@abbiholding.com<\/a>.<\/p>\n<p>Il Titolare si impegna a proteggere le informazioni personali dell\u2019utente e questo documento si propone di aiutare a capire quali sono le informazioni che potremmo raccogliere e come le usiamo all\u2019interno del Gruppo.<\/p>\n<p>Il Responsabile per la protezione dei dati personali (di seguito, \u201cDPO\u201d) cui pu\u00f2 rivolgersi per le questioni relative al trattamento sei suoi dati personali e per l\u2019esercizio dei diritti che derivano dalla normativa in materia di protezione dei dati personali, \u00e8 raggiungibile al seguente recapito:<a href=\"mailto:dpo@abbiholding.com\">dpo@abbiholding.com<\/a><\/p>\n<p>&nbsp;<\/p>\n<ol>\n<li><strong>A) Modalit\u00e0 del trattamento<\/strong><\/li>\n<\/ol>\n<p>Questo documento \u00e8 stato redatto ai sensi dell\u2019art. 13 del Regolamento UE 2016\/679 (di seguito: &#8220;Regolamento&#8221;) al fine di permetterle di conoscere la nostra politica sulla privacy. Vengono descritte le modalit\u00e0 generali del trattamento dei dati personali degli utenti del sito e dei cookies e come le sue informazioni personali vengono gestite quando utilizza il nostro sito (di seguito \u201cSito\u201d) Le informazioni ed i dati da lei forniti od altrimenti acquisiti nell&#8217;ambito dell\u2019utilizzo dei servizi, saranno oggetto di trattamento nel rispetto delle disposizioni del Regolamento e degli obblighi di riservatezza che ispirano l&#8217;attivit\u00e0 del Titolare e di tutte le societ\u00e0 del Gruppo. Secondo le norme del Regolamento, i trattamenti effettuati saranno improntati ai principi di liceit\u00e0, correttezza, trasparenza, limitazione delle finalit\u00e0 e della conservazione, minimizzazione dei dati, esattezza, integrit\u00e0 e riservatezza. Il Titolare dei trattamenti svolti attraverso il Sito \u00e8 Supermercati Consorziati Sardegna s.c. a r.l., come sopra definito a cui pu\u00f2 scrivere per qualunque informazione inerente il trattamento dei dati personali.<\/p>\n<p>La presente informativa \u00e8 resa solo per questo Sito e non anche per altri siti web eventualmente consultati dall&#8217;utente tramite link.<\/p>\n<p>&nbsp;<\/p>\n<ol>\n<li><strong>B) Tipi di dati<\/strong><\/li>\n<\/ol>\n<p>A seguito della navigazione del Sito, la informiamo che il Titolare tratter\u00e0 dati personali (art. 4 del Regolamento) di seguito solo \u201cDati Personali\u201d. In particolare i Dati Personali trattati attraverso il Sito sono i seguenti:<\/p>\n<p>&nbsp;<\/p>\n<ol>\n<li><strong> Dati di navigazione<\/strong><\/li>\n<\/ol>\n<p>I sistemi informatici e le procedure software preposte al funzionamento del Sito acquisiscono, nel corso del loro normale esercizio, alcuni Dati Personali la cui trasmissione \u00e8 implicita nell&#8217;uso dei protocolli di comunicazione di Internet. Si tratta di informazioni che non sono raccolte per essere associate a interessati identificati, ma che per loro stessa natura potrebbero, attraverso elaborazioni ed associazioni con dati detenuti da terzi, permettere di identificare gli utenti. In questa categoria di dati rientrano gli indirizzi IP o i nomi a dominio dei computer utilizzati dagli utenti che si connettono al Sito, gli indirizzi in notazione URI (Uniform Resource Identifier) delle risorse richieste, l&#8217;orario della richiesta, il metodo utilizzato nel sottoporre la richiesta al server, la dimensione del file ottenuto in risposta, il codice numerico indicante lo stato della risposta data dal server (buon fine, errore, etc.) ed altri parametri relativi al sistema operativo e all&#8217;ambiente informatico dell&#8217;utente. Questi dati vengono utilizzati al solo fine di ricavare informazioni statistiche anonime sull&#8217;uso del Sito e per controllarne il corretto funzionamento (si veda infra il paragrafo sui cookie), per identificare anomalie e\/o abusi, e vengono cancellati immediatamente dopo l&#8217;elaborazione. I dati potrebbero essere utilizzati dalle autorit\u00e0 competenti per l\u2019accertamento di responsabilit\u00e0 in caso di ipotetici reati informatici ai danni del sito.<\/p>\n<p>&nbsp;<\/p>\n<ol start=\"2\">\n<li><strong> Dati forniti volontariamente dall\u2019interessato<\/strong><\/li>\n<\/ol>\n<p>A parte quanto specificato per i dati di navigazione, l&#8217;utente \u00e8 libero di fornire i dati personali riportati negli eventuali moduli di richiesta presenti all\u2019interno del sito web (es. per attivare servizi di comunicazione) Il loro mancato conferimento potrebbe comportare l&#8217;impossibilit\u00e0 di erogare il servizio. In questi casi saranno richieste le sole informazioni necessarie per il servizio richiesto (si vedano nel dettaglio le informative specifiche). Nell&#8217;utilizzo di alcuni Servizi del Sito potrebbe verificarsi un trattamento di Dati Personali di terzi soggetti da Lei inviati. Rispetto a tali ipotesi, lei si pone come autonomo titolare del trattamento, assumendosi tutti gli obblighi e le responsabilit\u00e0 di legge. In tal senso, conferisce sul punto la pi\u00f9 ampia manleva rispetto ad ogni contestazione, pretesa, richiesta di risarcimento del danno da trattamento, ecc. che dovesse pervenire al Titolare da terzi soggetti i cui Dati Personali siano stati trattati attraverso il suo utilizzo delle funzioni del Sito in violazione delle norme sulla tutela dei dati personali applicabili. In ogni caso, qualora fornisse o in altro modo trattasse Dati Personali di terzi nell&#8217;utilizzo del Sito, garantisce fin da ora &#8211; assumendosene ogni connessa responsabilit\u00e0 &#8211; che tale particolare ipotesi di trattamento si fonda su un\u2019idonea base giuridica ai sensi dell\u2019art. 6 del Regolamento che legittima il trattamento delle informazioni in questione.<\/p>\n<p>&nbsp;<\/p>\n<ol>\n<li><strong>C) Finalit\u00e0 del trattamento e basi giuridiche<\/strong><\/li>\n<\/ol>\n<p>Il trattamento dei dati personali che intendiamo effettuare, dietro suo specifico consenso ove necessario, ha le seguenti finalit\u00e0 (per i dettagli si rinvia alle informative presenti nelle specifiche sezioni in cui vengono raccolti i dati):<\/p>\n<ul>\n<li>Per comunicare informazioni sui nostri prodotti, servizi, eventi e per altri fini promozionali ai sensi dell\u2019art. 6 comma 1 lettera a) del Regolamento. Dopo avere ottenuto il tuo consenso, invieremo comunicazioni di marketing e notizie su prodotti, servizi, eventi e altre promozioni relative alle societ\u00e0 del Gruppo. Nonch\u00e9 per l\u2019uso delle sue immagini. Tale consenso potr\u00e0 essere revocato in qualsiasi momento.<\/li>\n<li>Per l\u2019adempimento di obblighi precontrattuali ai sensi dell\u2019art. 6 comma 1 lettera b) del Regolamento, come da informative specifiche rese nelle sezioni del Sito.<\/li>\n<li>Per perseguire il legittimo interesse del Titolare e del Gruppo cui appartiene ai sensi dell\u2019art. 6 comma 1 lettera f) del Regolamento per svolgere, migliorare la nostra attivit\u00e0, i prodotti e i servizi. Ad esempio utilizziamo tali informazioni per la selezione del personale, contabilit\u00e0\/controllo di gestione, la revisione e altre funzioni interne. Potremmo utilizzare i dati personali per migliorare la tua esperienza con noi, per la diagnostica di problemi tecnici e di servizio e per gestire al meglio i nostri Siti e App.<\/li>\n<li>Per garantire i nostri diritti, la propriet\u00e0 o la sicurezza<\/li>\n<li>Inoltre, potremmo utilizzare i dati personali in relazione all\u2019utilizzo dei nostri Siti per prevenire o individuare frodi, abusi, uso illegale, violazioni delle nostre Condizioni d&#8217;uso, e per conformarci a ordini dei tribunali, a richieste governative o adempiere a previsioni di legge applicabili.<\/li>\n<li>Per scopi generali di ricerca e analisi.<\/li>\n<li>Potremmo anche utilizzare i dati personali in altri modi e al momento della raccolta\/uso degli stessi daremo specifica comunicazione e richiederemo il tuo consenso, ove necessario.<\/li>\n<\/ul>\n<p>&nbsp;<\/p>\n<ol>\n<li><strong>D) Destinatari dei dati personali<\/strong><\/li>\n<\/ol>\n<p>I suoi Dati Personali potranno essere condivisi, per le finalit\u00e0 di cui sopra, con:<\/p>\n<ul>\n<li>societ\u00e0 facenti parte del Gruppo per le finalit\u00e0 e alle condizioni sopra descritte<\/li>\n<li>persone autorizzate al trattamento di Dati Personali necessario a svolgere attivit\u00e0 strettamente correlate all&#8217;erogazione dei Servizi, che si siano impegnate alla riservatezza o abbiano un adeguato obbligo legale di riservatezza (es. dipendenti e amministratori di sistema).<\/li>\n<li>soggetti terzi eventualmente addetti alla gestione del Sito che agiscono tipicamente in qualit\u00e0 di Responsabili del trattamento (l\u2019elenco completo e aggiornato dei Responsabili del trattamento dei dati \u00e8 presente e reperibile mandando una mail all\u2019indirizzo\u00a0<a href=\"mailto:privacy@abbiholding.com\">privacy@abbiholding.com<\/a>).<\/li>\n<li>soggetti, enti o autorit\u00e0 a cui sia obbligatorio comunicare i suoi Dati Personali in forza di disposizioni di legge o di ordini delle autorit\u00e0.<\/li>\n<\/ul>\n<p>&nbsp;<\/p>\n<ol>\n<li><strong>E) Trasferimenti dei dati personali<\/strong><\/li>\n<\/ol>\n<p>Alcuni dei suoi Dati Personali sono condivisi con Destinatari che si potrebbero trovare al di fuori dello Spazio Economico Europeo (es: Google, Amazon AWS, Mailchimp). Il Titolare assicura che il trattamento dei suoi Dati Personali da parte di questi Destinatari avviene nel rispetto del Regolamento. Invero, i trasferimenti si possono basare su una decisione di adeguatezza, sulle Standard Contractual Clauses approvate dalla Commissione Europea o su un altro idonea base giuridica.<\/p>\n<p>&nbsp;<\/p>\n<p><strong>\u00a0<\/strong><\/p>\n<ol>\n<li><strong>F) I Suoi diritti privacy ex artt. 15 e ss. del Regolamento<\/strong><\/li>\n<\/ol>\n<p>Ai sensi degli articoli 15 e seguenti del Regolamento, ha il diritto di chiedere a Il Titolare, in qualunque momento, l&#8217;accesso ai suoi Dati Personali, la rettifica o la cancellazione degli stessi o di opporsi al loro trattamento, ha diritto di richiedere la limitazione del trattamento nei casi previsti dall&#8217;art. 18 del Regolamento, nonch\u00e9 di ottenere in un formato strutturato, di uso comune e leggibile da dispositivo automatico i dati che la riguardano, nei casi previsti dall&#8217;art. 20 del Regolamento.<\/p>\n<p>Le richieste vanno rivolte per iscritto al Titolare al seguente indirizzo:<a href=\"mailto:privacy@abbiholding.com\">privacy@abbiholding.com<\/a><\/p>\n<p>In ogni caso hai sempre diritto di proporre reclamo all&#8217;Autorit\u00e0 di Controllo competente (Garante per la Protezione dei Dati Personali), ai sensi dell&#8217;art. 77 del Regolamento, qualora ritenga che il trattamento dei tuoi Dati Personali sia contrario alla normativa in vigore.<\/p>\n<p>&nbsp;<\/p>\n<ol>\n<li><strong>G) Modifiche<\/strong><\/li>\n<\/ol>\n<p>La presente privacy policy \u00e8 in vigore dalla messa on line del presente sito. Il Titolare si riserva di modificarne o semplicemente aggiornarne il contenuto, in parte o completamente, anche a causa di variazioni della normativa applicabile. Il Titolare la informer\u00e0 di tali variazioni non appena verranno introdotte ed esse saranno vincolanti non appena pubblicate sul Sito. Il Titolare la invita quindi a visitare con regolarit\u00e0 questa sezione per prendere cognizione della pi\u00f9 recente ed aggiornata versione della privacy policy in modo da essere sempre aggiornato sui dati raccolti e sull\u2019uso che ne fa Il Titolare.<\/p>\n<p>&nbsp;<\/p>\n<ol start=\"2\">\n<li><strong> COOKIE POLICY<\/strong><\/li>\n<\/ol>\n<p>&nbsp;<\/p>\n<p><strong>Definizioni, caratteristiche e applicazione della normativa<\/strong><\/p>\n<p>&nbsp;<\/p>\n<p><script id=\"CookieDeclaration\" src=\"https:\/\/consent.cookiebot.com\/6a304120-4374-4177-8e65-f027ca759394\/cd.js\" type=\"text\/javascript\" async><\/script><\/p>\n<p>&nbsp;<\/p>\n<p><strong>DOMANDE e feedback<\/strong><\/p>\n<p>Accogliamo con favore domande, commenti e dubbi relativi alla nostra normativa sulla privacy e alle nostre pratiche relative alla privacy.<\/p>\n<p>Se desideri fornire un feedback o se hai domande o dubbi o desideri esercitare i tuoi diritti relativi ai dati personali, puoi utilizzare la seguente mail\u00a0<a href=\"mailto:privacy@abbiholding.com\">privacy@abbiholding.com<\/a><\/p>\n<p>I reclami sulla privacy verranno valutati in modo da risolvere il problema in modo tempestivo ed efficace. Inoltre, l\u2019utente ha il diritto di presentare un reclamo all\u2019Autorit\u00e0 garante del proprio paese di residenza.<\/p>\n<p>&nbsp;<\/p>\n<p>&nbsp;<\/p>\n","protected":false},"excerpt":{"rendered":"<p>PRIVACY POLICY Informativa privacy e cookie policy ex Art 13 del Regolamento Generale per la Protezione dei Dati UE 2016\/679 (GDPR) Supermercati Consorziati Sardegna s.c. a r.l. con sede legale in Via Antioco Loru, 15 09125 Cagliari (CA) si impegna &hellip; <a href=\"https:\/\/www.desparsardegna.it\/cms\/privacy-cookies\/\">Continua<\/a><\/p>\n","protected":false},"author":1,"featured_media":246,"parent":0,"menu_order":0,"comment_status":"closed","ping_status":"closed","template":"","meta":{"_mi_skip_tracking":false,"spay_email":""},"jetpack_sharing_enabled":true,"jetpack_shortlink":"https:\/\/wp.me\/P7EcfO-2B","jetpack-related-posts":[{"id":4298,"url":"https:\/\/www.desparsardegna.it\/cms\/informativa-whatsapp\/","url_meta":{"origin":161,"position":0},"title":"Informativa Whatsapp","date":"30 Luglio 2024","format":false,"excerpt":"Informativa ai sensi dell\u2019art. 13 del REG. U.E. 679\/2016 Invio volantino e comunicazione promozionale tramite WhatsApp\/Piattaforma Pengueen Gentile Utente, ai sensi del Reg. U.E. 679\/2016, Le forniamo le seguenti informazioni: I dati trattati si limitano al numero di telefono con possibile visione del nome utente o nickname, dell\u2019immagine caricata dall\u2019Utente\u2026","rel":"","context":"Articolo simile","img":{"alt_text":"","src":"https:\/\/i0.wp.com\/www.desparsardegna.it\/cms\/wp-content\/uploads\/2025\/08\/elenco_pv_whatsapp-1024x517.jpg?resize=350%2C200&ssl=1","width":350,"height":200},"classes":[]},{"id":35,"url":"https:\/\/www.desparsardegna.it\/cms\/chi-siamo\/","url_meta":{"origin":161,"position":1},"title":"Chi Siamo","date":"13 Novembre 2017","format":false,"excerpt":"Supermercati Consorziati Sardegna s.c. a r.l. \u00e8 una societ\u00e0 consortile nata dall\u2019idea di alcuni operatori storici della distribuzione sarda che, con grande passione, hanno deciso di unirsi e con una unica visione, dare prospettive, risposte efficienti e di elevato contenuto alle proprie reti di vendita. Nel 2021 il Gruppo Ibba\u2026","rel":"","context":"Articolo simile","img":{"alt_text":"","src":"","width":0,"height":0},"classes":[]},{"id":4337,"url":"https:\/\/www.desparsardegna.it\/cms\/colazione-da-eroi-scuolafacendo\/","url_meta":{"origin":161,"position":2},"title":"Colazione da eroi &#8211; Scuolafacendo","date":"16 Settembre 2024","format":false,"excerpt":"Operazione a premi valida dal 16\/09\/2024 al 01\/12\/2024. Regolamento disponibile nei punti vendita aderenti.","rel":"","context":"Articolo simile","img":{"alt_text":"","src":"","width":0,"height":0},"classes":[]},{"id":3779,"url":"https:\/\/www.desparsardegna.it\/cms\/raccolta-bollini-jurassic-word-e-scuola-facendo\/","url_meta":{"origin":161,"position":3},"title":"Raccolta Bollini Jurassic Word e Scuola Facendo","date":"28 Settembre 2023","format":false,"excerpt":"I DINOSAURI SONO ARRIVATI TRA NOI, PRONTI A TRASFORMARE IL NOSTRO MONDO IN UNA FANTASTICA AVVENTURA! Scopri anche l'iniziativa di raccolta per le scuole! Vieni nei nostri negozi e inizia la raccolta, hai tempo fino al 13\/12\/2023 per raccogliere i bollini. REGOLAMENTO PRIVACY POLICY INFORMATIVA","rel":"","context":"Articolo simile","img":{"alt_text":"","src":"","width":0,"height":0},"classes":[]},{"id":39,"url":"https:\/\/www.desparsardegna.it\/cms\/punti-vendita\/","url_meta":{"origin":161,"position":4},"title":"Punti Vendita","date":"13 Novembre 2017","format":false,"excerpt":"Insegna Ragione sociale INDIRIZZO LOCALITA' ORARIO DOMENICA SUPERMERCATI GIEFFE SRL Via Parini,3 QUARTU SANT'ELENA 08.00\/22.00 08.30\/22.00 SUPERMERCATI GIEFFE SRL Via Berlino, 3 CAGLIARI 08.00\/22.00 08.00\/22.00 SUPERMERCATI GIEFFE SRL Via Costituzione, 1 SESTU 08.00\/21.00 08.30\/13.30 SUPERMERCATI GIEFFE SRL Via Monte Rosa, 3 SELARGIUS 08.00\/21.00 \u00a008.30\/13.30 SG2 s.r.l. Via Lampedusa, 29 CAPOTERRA\u2026","rel":"","context":"Articolo simile","img":{"alt_text":"","src":"","width":0,"height":0},"classes":[]}],"jetpack_likes_enabled":true,"_links":{"self":[{"href":"https:\/\/www.desparsardegna.it\/cms\/wp-json\/wp\/v2\/pages\/161"}],"collection":[{"href":"https:\/\/www.desparsardegna.it\/cms\/wp-json\/wp\/v2\/pages"}],"about":[{"href":"https:\/\/www.desparsardegna.it\/cms\/wp-json\/wp\/v2\/types\/page"}],"author":[{"embeddable":true,"href":"https:\/\/www.desparsardegna.it\/cms\/wp-json\/wp\/v2\/users\/1"}],"replies":[{"embeddable":true,"href":"https:\/\/www.desparsardegna.it\/cms\/wp-json\/wp\/v2\/comments?post=161"}],"version-history":[{"count":10,"href":"https:\/\/www.desparsardegna.it\/cms\/wp-json\/wp\/v2\/pages\/161\/revisions"}],"predecessor-version":[{"id":2839,"href":"https:\/\/www.desparsardegna.it\/cms\/wp-json\/wp\/v2\/pages\/161\/revisions\/2839"}],"wp:featuredmedia":[{"embeddable":true,"href":"https:\/\/www.desparsardegna.it\/cms\/wp-json\/wp\/v2\/media\/246"}],"wp:attachment":[{"href":"https:\/\/www.desparsardegna.it\/cms\/wp-json\/wp\/v2\/media?parent=161"}],"curies":[{"name":"wp","href":"https:\/\/api.w.org\/{rel}","templated":true}]}}